{"id":21498,"date":"2022-09-19T15:19:30","date_gmt":"2022-09-19T19:19:30","guid":{"rendered":"https:\/\/rabdesign.ca\/copy-of-terms-and-conditions\/"},"modified":"2026-02-03T16:56:06","modified_gmt":"2026-02-03T16:56:06","slug":"warranty","status":"publish","type":"page","link":"https:\/\/wp-dev.rabdesign.ca\/fr\/warranty\/","title":{"rendered":"Warranty"},"content":{"rendered":"<div class=\"wpb-content-wrapper\"><p>[vc_row css=\u00a0\u00bb.vc_custom_1600712914615{padding-top: 50px !important;}\u00a0\u00bb][vc_column][vc_custom_heading text=\u00a0\u00bbLimited Warranty For<br \/>\nRAB Design LED Lighting Fixtures\u00a0\u00bb font_container=\u00a0\u00bbtag:h1|text_align:left|color:%2300285d\u00a0\u00bb google_fonts=\u00a0\u00bbfont_family:Montserrat%3Aregular%2C700|font_style:700%20bold%20regular%3A700%3Anormal\u00a0\u00bb][vc_separator color=\u00a0\u00bbcustom\u00a0\u00bb align=\u00a0\u00bbalign_left\u00a0\u00bb border_width=\u00a0\u00bb2&Prime; el_width=\u00a0\u00bb10&Prime; css=\u00a0\u00bb.vc_custom_1600712931196{padding-top: 25px !important;}\u00a0\u00bb accent_color=\u00a0\u00bb#00285d\u00a0\u00bb][\/vc_column][\/vc_row][vc_row css=\u00a0\u00bb.vc_custom_1663615539834{padding-top: 25px !important;padding-bottom: 100px !important;}\u00a0\u00bb][vc_column][vc_column_text css=\u00a0\u00bb.vc_custom_1663615374196{padding-bottom: 10px !important;}\u00a0\u00bb]<\/p>\n<p style=\"font-size: 16px; color: #00285d; line-height: 1.6; text-align: left;\">This limited warranty is provided by RAB Design Lighting Inc. (\u00ab\u00a0Seller\u00a0\u00bb) to you as the original purchaser of the LED lighting product that is identified on Seller&rsquo;s invoice reflecting its original purchase (the \u00ab\u00a0Product\u00a0\u00bb). This limited warranty may be transferred to subsequent purchasers of the Product, provided that such Product is resold in new condition and in its original packaging. Seller warrants that the Product, when delivered in new condition and in its original packaging, will be free of defects in material and workmanship for a period of <strong>FIVE (5) YEARS<\/strong> from the date of original purchase. The determination of whether the Product is defective shall be made by Seller in its sole discretion with consideration given to the overall performance of the Product. A Product shall not be considered defective solely as a result of the failure of individual LED components to emit light if the number of inoperable components is less than 10% of the total number of LED components in the Product.<\/p>\n<p>[\/vc_column_text][vc_column_text css=\u00a0\u00bb.vc_custom_1663615394942{padding-bottom: 10px !important;}\u00a0\u00bb]<\/p>\n<p style=\"font-size: 16px; color: #00285d; line-height: 1.6; text-align: left;\">If Seller determines the Product is defective, Seller will elect, in its sole discretion, to refund you the replacement value of the Product, repair the Product or replace the Product. Seller may potentially contribute to the cost of an electrician, including the cost of required rental equipment, related to the repair or replacement of a defective product subject to Seller\u2019s sole discretion. This limited warranty will not apply to loss or damage to the Product caused by: negligence; abuse; misuse; mishandling; improper installation, storage or maintenance; damage due to fire or acts of God; vandalism; civil disturbances; power surges; improper power supply; electrical current fluctuations; corrosive environment installations; induced vibration; harmonic oscillation or resonance associated with movement of air currents around the Product; alteration; accident; failure to follow installation, operating, maintenance or environmental instructions prescribed by Seller or applicable electrical codes; or improper service of the Product performed by someone other than Seller or its authorized service provider. <strong>THIS LIMITED WARRANTY IS VOID IF THE PRODUCT IS NOT USED FOR THE PURPOSE FOR WHICH IT IS DESIGNED.<\/strong><\/p>\n<p>[\/vc_column_text][vc_column_text css=\u00a0\u00bb.vc_custom_1663615407971{padding-bottom: 10px !important;}\u00a0\u00bb]<\/p>\n<p style=\"font-size: 16px; color: #00285d; line-height: 1.6; text-align: left;\">Seller reserves the right to utilize new, reconditioned, refurbished, repaired or remanufactured products or parts in the warranty repair or replacement process. Such products and parts will be comparable in function and performance to an original product or part, as determined by Seller in its sole discretion, and warranted for the remainder of the original warranty period.<\/p>\n<p>[\/vc_column_text][vc_column_text css=\u00a0\u00bb.vc_custom_1663615422505{padding-bottom: 10px !important;}\u00a0\u00bb]<\/p>\n<p style=\"font-size: 16px; color: #00285d; line-height: 1.6; text-align: left;\">In order to make a warranty claim, you must notify Seller in writing within sixty (60) days after your discovery of the defect, provide proof of purchase such as the invoice and comply with Seller&rsquo;s other warranty requirements. Upon receiving that notice, Seller may require you to promptly return the Product to Seller, or its authorized service provider, freight prepaid. Your warranty claim should be addressed to RAB Design Lighting Inc. 222 Islington Ave. Toronto, Ontario M8V 3W7<\/p>\n<p>[\/vc_column_text][vc_column_text css=\u00a0\u00bb.vc_custom_1663615438233{padding-bottom: 10px !important;}\u00a0\u00bb]<\/p>\n<p style=\"font-size: 16px; color: #00285d; line-height: 1.6; text-align: left;\">This limited warranty applies to all RAB Design LED fixtures, with the exception of the LED Inspection Light and the battery powered MPL, all of which have a THREE (3) YEAR limited warranty<\/p>\n<p>[\/vc_column_text][vc_column_text css=\u00a0\u00bb.vc_custom_1663615467810{padding-bottom: 10px !important;}\u00a0\u00bb]<\/p>\n<p style=\"font-size: 16px; color: #00285d; line-height: 1.6; text-align: left;\">THE FOREGOING WARRANTY PROVISIONS ARE EXCLUSIVE AND ARE GIVEN AND ACCEPTED IN LIEU OF ANY AND ALL OTHER WARRANTIES, WHETHER EXPRESS OR IMPLIED, INCLUDING WITHOUT LIMITATION ANY WARRANTY AGAINST INFRINGEMENT AND ANY IMPLIED WARRANTIES OF MERCHANTABILITY OR FITNESS FOR A PARTICULAR PURPOSE.<\/p>\n<p>[\/vc_column_text][vc_column_text css=\u00a0\u00bb.vc_custom_1663615480511{padding-bottom: 10px !important;}\u00a0\u00bb]<\/p>\n<p style=\"font-size: 16px; color: #00285d; line-height: 1.6; text-align: left;\">IN NO EVENT SHALL SELLER BE LIABLE FOR INCIDENTAL, COMPENSATORY, CONSEQUENTIAL, INDIRECT, SPECIAL OR OTHER DAMAGES.<\/p>\n<p>[\/vc_column_text][vc_column_text css=\u00a0\u00bb.vc_custom_1663615492009{padding-bottom: 10px !important;}\u00a0\u00bb]<\/p>\n<p style=\"font-size: 16px; color: #00285d; line-height: 1.6; text-align: left;\">This warranty is effective for purchases of Product on or after the effective date set forth below. Seller reserves the right to modify this warranty from time to time. Any modification of this warranty shall be effective for all orders placed with Seller on or after the effective date of such revised warranty.<\/p>\n<p>[\/vc_column_text][vc_column_text css=\u00a0\u00bb.vc_custom_1663615504374{padding-bottom: 10px !important;}\u00a0\u00bb]<\/p>\n<p style=\"font-size: 20px; color: #00285d; line-height: 1px; text-align: left;\"><strong>Effective Date: September 1, 2022<\/strong><\/p>\n<p>[\/vc_column_text][vc_empty_space][vc_custom_heading text=\u00a0\u00bbGarantie limit\u00e9e pour les luminaires DEL de RAB Design\u00a0\u00bb font_container=\u00a0\u00bbtag:h1|text_align:left|color:%2300285d\u00a0\u00bb google_fonts=\u00a0\u00bbfont_family:Montserrat%3Aregular%2C700|font_style:700%20bold%20regular%3A700%3Anormal\u00a0\u00bb css=\u00a0\u00bb\u00a0\u00bb][vc_separator color=\u00a0\u00bbcustom\u00a0\u00bb align=\u00a0\u00bbalign_left\u00a0\u00bb border_width=\u00a0\u00bb2&Prime; el_width=\u00a0\u00bb10&Prime; css=\u00a0\u00bb.vc_custom_1600712931196{padding-top: 25px !important;}\u00a0\u00bb accent_color=\u00a0\u00bb#00285d\u00a0\u00bb][vc_empty_space][vc_column_text css=\u00a0\u00bb.vc_custom_1770137379877{padding-bottom: 10px !important;}\u00a0\u00bb]<\/p>\n<p style=\"font-size: 16px; color: #00285d; line-height: 1.6; text-align: left;\">La pr\u00e9sente garantie limit\u00e9e vous est offerte par RAB Design Lighting inc. (le \u00ab vendeur \u00bb) parce que vous \u00eates l\u2019acheteur du luminaire DEL indiqu\u00e9 sur la facture remise par le vendeur lors de l\u2019achat d\u2019origine (le \u00ab produit \u00bb). Elle peut \u00eatre transf\u00e9r\u00e9e aux acheteurs ult\u00e9rieurs du produit \u00e0 condition que ce dernier soit revendu \u00e0 l\u2019\u00e9tat neuf et dans son emballage d\u2019origine. Le vendeur garantit que le produit, lorsqu\u2019il est livr\u00e9 \u00e0 l\u2019\u00e9tat neuf et dans son emballage d\u2019origine, est exempt de tout d\u00e9faut de mat\u00e9riau et de fabrication pendant une p\u00e9riode de CINQ (5) ANS \u00e0 compter de la date d\u2019achat initiale. Le vendeur d\u00e9terminera si le produit est d\u00e9fectueux \u00e0 sa seule discr\u00e9tion d\u2019apr\u00e8s le fonctionnement global du produit. Un produit ne sera pas consid\u00e9r\u00e9 comme d\u00e9fectueux du seul fait que certains composants DEL n\u2019\u00e9mettent pas de lumi\u00e8re si le nombre de composants non fonctionnels compte pour moins de 10 % du nombre total de composants DEL dans le produit.<\/p>\n<p>[\/vc_column_text][vc_column_text css=\u00a0\u00bb.vc_custom_1770137468107{padding-bottom: 10px !important;}\u00a0\u00bb]<\/p>\n<p style=\"font-size: 16px; color: #00285d; line-height: 1.6; text-align: left;\">Si le vendeur d\u00e9termine que le produit est d\u00e9fectueux, il choisira, \u00e0 sa seule discr\u00e9tion, de vous rembourser la valeur de remplacement du produit ou de r\u00e9parer ou de remplacer le produit. Le vendeur pourrait \u00e0 sa seule discr\u00e9tion contribuer \u00e0 payer le travail d\u2019un \u00e9lectricien, y compris le co\u00fbt de l\u2019\u00e9quipement \u00e0 louer pour faire ce travail, pour la r\u00e9paration ou le remplacement d\u2019un produit d\u00e9fectueux. La garantie limit\u00e9e ne s\u2019applique pas aux pertes ou dommages caus\u00e9s au produit par la n\u00e9gligence; les abus; la mauvaise utilisation; la mauvaise manipulation; l\u2019installation, l\u2019entreposage ou l\u2019entretien d\u00e9ficients; les dommages caus\u00e9s par le feu ou les catastrophes naturelles; le vandalisme; les troubles civils; les surtensions; l\u2019alimentation \u00e9lectrique inad\u00e9quate; les fluctuations du courant \u00e9lectrique; l\u2019installation dans un environnement corrosif; les vibrations induites; l\u2019oscillation harmonique ou la r\u00e9sonance associ\u00e9e au mouvement des courants d\u2019air autour du produit; l\u2019alt\u00e9ration; un accident; le non-respect des instructions d\u2019installation, d\u2019utilisation ou d\u2019entretien ou des consignes environnementales prescrites par le vendeur ou les codes d\u2019\u00e9lectricit\u00e9 applicables ou l\u2019entretien inad\u00e9quat du produit par quelqu\u2019un d\u2019autre que le vendeur ou son fournisseur de services autoris\u00e9. <strong>LA GARANTIE LIMIT\u00c9E DEVIENT NULLE ET CADUQUE SI LE PRODUIT N\u2019EST PAS UTILIS\u00c9 AUX FINS POUR LESQUELLES IL A \u00c9T\u00c9 CON\u00c7U.<\/strong><\/p>\n<p>[\/vc_column_text][vc_column_text css=\u00a0\u00bb.vc_custom_1770137488145{padding-bottom: 10px !important;}\u00a0\u00bb]<\/p>\n<p style=\"font-size: 16px; color: #00285d; line-height: 1.6; text-align: left;\">Le vendeur se r\u00e9serve le droit d\u2019utiliser des pi\u00e8ces ou des produits neufs, reconditionn\u00e9s, remis \u00e0 neuf, r\u00e9par\u00e9s ou refabriqu\u00e9s pour une r\u00e9paration ou un remplacement sous garantie. Ces pi\u00e8ces ou produits auront un fonctionnement et une efficacit\u00e9 jug\u00e9s comparables par le vendeur \u00e0 sa seule discr\u00e9tion et seront garantis pour le reste de la p\u00e9riode de garantie d\u2019origine.<\/p>\n<p>[\/vc_column_text][vc_column_text css=\u00a0\u00bb.vc_custom_1770137510184{padding-bottom: 10px !important;}\u00a0\u00bb]<\/p>\n<p style=\"font-size: 16px; color: #00285d; line-height: 1.6; text-align: left;\">Vous devez informer le vendeur de toute intention de faire une r\u00e9clamation de garantie par \u00e9crit dans les soixante (60) jours suivant la d\u00e9couverte du d\u00e9faut, fournir une preuve d\u2019achat (la facture, par exemple) et vous conformer aux autres exigences de la garantie du vendeur. D\u00e8s r\u00e9ception de l\u2019information, le vendeur peut exiger que vous lui retourniez rapidement le produit ou que vous le retourniez \u00e0 son fournisseur de services autoris\u00e9 en port pay\u00e9. Votre demande de garantie doit \u00eatre adress\u00e9e \u00e0 RAB Design Lighting inc. au 222 Islington Avenue, Toronto (Ontario), M8V 3W7.<\/p>\n<p>[\/vc_column_text][vc_column_text css=\u00a0\u00bb.vc_custom_1770137527199{padding-bottom: 10px !important;}\u00a0\u00bb]<\/p>\n<p style=\"font-size: 16px; color: #00285d; line-height: 1.6; text-align: left;\">La garantie limit\u00e9e s\u2019applique \u00e0 tous les luminaires DEL de RAB Design, \u00e0 l\u2019exception de la lampe d\u2019inspection DEL et de la lampe multifonction \u00e0 batterie, qui b\u00e9n\u00e9ficient dans leur cas d\u2019une garantie limit\u00e9e de TROIS (3) ANS.<\/p>\n<p>[\/vc_column_text][vc_column_text css=\u00a0\u00bb.vc_custom_1770137542303{padding-bottom: 10px !important;}\u00a0\u00bb]<\/p>\n<p style=\"font-size: 16px; color: #00285d; line-height: 1.6; text-align: left;\">LES DISPOSITIONS PR\u00c9C\u00c9DENTES DE LA GARANTIE SONT EXCLUSIVES ET SONT DONN\u00c9ES ET ACCEPT\u00c9ES EN LIEU ET PLACE DE TOUTE AUTRE GARANTIE, EXPRESSE OU IMPLICITE, Y COMPRIS TOUTE GARANTIE CONTRE LA CONTREFA\u00c7ON ET TOUTE GARANTIE IMPLICITE DE QUALIT\u00c9 MARCHANDE OU D\u2019AD\u00c9QUATION \u00c0 UN USAGE PARTICULIER.<\/p>\n<p>[\/vc_column_text][vc_column_text css=\u00a0\u00bb.vc_custom_1770137563653{padding-bottom: 10px !important;}\u00a0\u00bb]<\/p>\n<p style=\"font-size: 16px; color: #00285d; line-height: 1.6; text-align: left;\">LE VENDEUR NE PEUT EN AUCUN CAS \u00caTRE TENU DE VERSER DES DOMMAGES-INT\u00c9R\u00caTS ACCESSOIRES, COMPENSATOIRES, CONS\u00c9CUTIFS, INDIRECTS, PARTICULIERS OU AUTRES.<\/p>\n<p>[\/vc_column_text][vc_column_text css=\u00a0\u00bb.vc_custom_1770137577893{padding-bottom: 10px !important;}\u00a0\u00bb]<\/p>\n<p style=\"font-size: 16px; color: #00285d; line-height: 1.6; text-align: left;\">La garantie s\u2019applique aux achats de produits effectu\u00e9s \u00e0 partir de la date indiqu\u00e9e ci-dessous. Le vendeur se r\u00e9serve le droit de modifier cette garantie de temps \u00e0 autre. Toute modification de la garantie s\u2019applique \u00e0 toutes les commandes pass\u00e9es aupr\u00e8s du vendeur \u00e0 compter de la date d\u2019entr\u00e9e en vigueur de la garantie r\u00e9vis\u00e9e.<\/p>\n<p>[\/vc_column_text][vc_column_text css=\u00a0\u00bb.vc_custom_1770137727215{padding-bottom: 10px !important;}\u00a0\u00bb]<\/p>\n<p style=\"font-size: 20px; color: #00285d; line-height: 1px; text-align: left;\"><strong>Date d\u2019entr\u00e9e en vigueur : 1er Septembre 2022<\/strong><\/p>\n<p>[\/vc_column_text][\/vc_column][\/vc_row]<\/p>\n<\/div>","protected":false},"excerpt":{"rendered":"<p>[vc_row css=\u00a0\u00bb.vc_custom_1600712914615{padding-top: 50px !important;}\u00a0\u00bb][vc_column][vc_custom_heading text=\u00a0\u00bbLimited Warranty For RAB Design LED Lighting Fixtures\u00a0\u00bb font_container=\u00a0\u00bbtag:h1|text_align:left|color:%2300285d\u00a0\u00bb google_fonts=\u00a0\u00bbfont_family:Montserrat%3Aregular%2C700|font_style:700%20bold%20regular%3A700%3Anormal\u00a0\u00bb][vc_separator color=\u00a0\u00bbcustom\u00a0\u00bb align=\u00a0\u00bbalign_left\u00a0\u00bb border_width=\u00a0\u00bb2&Prime; el_width=\u00a0\u00bb10&Prime; css=\u00a0\u00bb.vc_custom_1600712931196{padding-top: 25px !important;}\u00a0\u00bb accent_color=\u00a0\u00bb#00285d\u00a0\u00bb][\/vc_column][\/vc_row][vc_row css=\u00a0\u00bb.vc_custom_1663615539834{padding-top: 25px !important;padding-bottom: 100px !important;}\u00a0\u00bb][vc_column][vc_column_text css=\u00a0\u00bb.vc_custom_1663615374196{padding-bottom: 10px !important;}\u00a0\u00bb] This limited warranty is provided by RAB Design Lighting Inc. (\u00ab\u00a0Seller\u00a0\u00bb) to you as the original purchaser of the LED lighting product that is identified [&hellip;]<\/p>\n","protected":false},"author":1,"featured_media":0,"parent":0,"menu_order":0,"comment_status":"closed","ping_status":"closed","template":"","meta":{"_acf_changed":false,"content-type":"","footnotes":""},"class_list":["post-21498","page","type-page","status-publish","hentry"],"acf":[],"yoast_head":"<!-- This site is optimized with the Yoast SEO Premium plugin v24.3 (Yoast SEO v27.1.1) - https:\/\/yoast.com\/product\/yoast-seo-premium-wordpress\/ -->\n<title>Warranty - RAB Design Lighting Inc.<\/title>\n<meta name=\"robots\" content=\"index, follow, max-snippet:-1, max-image-preview:large, max-video-preview:-1\" \/>\n<link rel=\"canonical\" href=\"https:\/\/wp-dev.rabdesign.ca\/fr\/warranty\/\" \/>\n<meta property=\"og:locale\" content=\"fr_CA\" \/>\n<meta property=\"og:locale:alternate\" content=\"en_US\" \/>\n<meta property=\"og:type\" content=\"article\" \/>\n<meta property=\"og:title\" content=\"Warranty\" \/>\n<meta property=\"og:description\" content=\"[vc_row css=\u00a0\u00bb.vc_custom_1600712914615{padding-top: 50px !important;}\u00a0\u00bb][vc_column][vc_custom_heading text=\u00a0\u00bbLimited Warranty For RAB Design LED Lighting Fixtures\u00a0\u00bb font_container=\u00a0\u00bbtag:h1|text_align:left|color:%2300285d\u00a0\u00bb google_fonts=\u00a0\u00bbfont_family:Montserrat%3Aregular%2C700|font_style:700%20bold%20regular%3A700%3Anormal\u00a0\u00bb][vc_separator color=\u00a0\u00bbcustom\u00a0\u00bb align=\u00a0\u00bbalign_left\u00a0\u00bb border_width=\u00a0\u00bb2&Prime; el_width=\u00a0\u00bb10&Prime; css=\u00a0\u00bb.vc_custom_1600712931196{padding-top: 25px !important;}\u00a0\u00bb accent_color=\u00a0\u00bb#00285d\u00a0\u00bb][\/vc_column][\/vc_row][vc_row css=\u00a0\u00bb.vc_custom_1663615539834{padding-top: 25px !important;padding-bottom: 100px !important;}\u00a0\u00bb][vc_column][vc_column_text css=\u00a0\u00bb.vc_custom_1663615374196{padding-bottom: 10px !important;}\u00a0\u00bb] This limited warranty is provided by RAB Design Lighting Inc. (\u00ab\u00a0Seller\u00a0\u00bb) to you as the original purchaser of the LED lighting product that is identified [&hellip;]\" \/>\n<meta property=\"og:url\" content=\"https:\/\/wp-dev.rabdesign.ca\/fr\/warranty\/\" \/>\n<meta property=\"og:site_name\" content=\"RAB Design Lighting Inc.\" \/>\n<meta property=\"article:modified_time\" content=\"2026-02-03T16:56:06+00:00\" \/>\n<meta name=\"twitter:card\" content=\"summary_large_image\" \/>\n<meta name=\"twitter:label1\" content=\"Estimation du temps de lecture\" \/>\n\t<meta name=\"twitter:data1\" content=\"7 minutes\" \/>\n<script type=\"application\/ld+json\" class=\"yoast-schema-graph\">{\"@context\":\"https:\/\/schema.org\",\"@graph\":[{\"@type\":\"WebPage\",\"@id\":\"https:\/\/wp-dev.rabdesign.ca\/warranty\/\",\"url\":\"https:\/\/wp-dev.rabdesign.ca\/warranty\/\",\"name\":\"Warranty - RAB Design Lighting Inc.\",\"isPartOf\":{\"@id\":\"https:\/\/wp-dev.rabdesign.ca\/#website\"},\"datePublished\":\"2022-09-19T19:19:30+00:00\",\"dateModified\":\"2026-02-03T16:56:06+00:00\",\"breadcrumb\":{\"@id\":\"https:\/\/wp-dev.rabdesign.ca\/warranty\/#breadcrumb\"},\"inLanguage\":\"fr-CA\",\"potentialAction\":[{\"@type\":\"ReadAction\",\"target\":[\"https:\/\/wp-dev.rabdesign.ca\/warranty\/\"]}]},{\"@type\":\"BreadcrumbList\",\"@id\":\"https:\/\/wp-dev.rabdesign.ca\/warranty\/#breadcrumb\",\"itemListElement\":[{\"@type\":\"ListItem\",\"position\":1,\"name\":\"Home\",\"item\":\"https:\/\/wp-dev.rabdesign.ca\/\"},{\"@type\":\"ListItem\",\"position\":2,\"name\":\"Warranty\"}]},{\"@type\":\"WebSite\",\"@id\":\"https:\/\/wp-dev.rabdesign.ca\/#website\",\"url\":\"https:\/\/wp-dev.rabdesign.ca\/\",\"name\":\"RAB Design Lighting Inc.\",\"description\":\"\",\"publisher\":{\"@id\":\"https:\/\/wp-dev.rabdesign.ca\/#organization\"},\"potentialAction\":[{\"@type\":\"SearchAction\",\"target\":{\"@type\":\"EntryPoint\",\"urlTemplate\":\"https:\/\/wp-dev.rabdesign.ca\/?s={search_term_string}\"},\"query-input\":{\"@type\":\"PropertyValueSpecification\",\"valueRequired\":true,\"valueName\":\"search_term_string\"}}],\"inLanguage\":\"fr-CA\"},{\"@type\":\"Organization\",\"@id\":\"https:\/\/wp-dev.rabdesign.ca\/#organization\",\"name\":\"RAB Design Lighting Inc.\",\"url\":\"https:\/\/wp-dev.rabdesign.ca\/\",\"logo\":{\"@type\":\"ImageObject\",\"inLanguage\":\"fr-CA\",\"@id\":\"https:\/\/wp-dev.rabdesign.ca\/#\/schema\/logo\/image\/\",\"url\":\"https:\/\/wp-dev.rabdesign.ca\/wp-content\/uploads\/2024\/07\/RAB-logo.png\",\"contentUrl\":\"https:\/\/wp-dev.rabdesign.ca\/wp-content\/uploads\/2024\/07\/RAB-logo.png\",\"width\":401,\"height\":127,\"caption\":\"RAB Design Lighting Inc.\"},\"image\":{\"@id\":\"https:\/\/wp-dev.rabdesign.ca\/#\/schema\/logo\/image\/\"}}]}<\/script>\n<!-- \/ Yoast SEO Premium plugin. -->","yoast_head_json":{"title":"Warranty - RAB Design Lighting Inc.","robots":{"index":"index","follow":"follow","max-snippet":"max-snippet:-1","max-image-preview":"max-image-preview:large","max-video-preview":"max-video-preview:-1"},"canonical":"https:\/\/wp-dev.rabdesign.ca\/fr\/warranty\/","og_locale":"fr_CA","og_type":"article","og_title":"Warranty","og_description":"[vc_row css=\u00a0\u00bb.vc_custom_1600712914615{padding-top: 50px !important;}\u00a0\u00bb][vc_column][vc_custom_heading text=\u00a0\u00bbLimited Warranty For RAB Design LED Lighting Fixtures\u00a0\u00bb font_container=\u00a0\u00bbtag:h1|text_align:left|color:%2300285d\u00a0\u00bb google_fonts=\u00a0\u00bbfont_family:Montserrat%3Aregular%2C700|font_style:700%20bold%20regular%3A700%3Anormal\u00a0\u00bb][vc_separator color=\u00a0\u00bbcustom\u00a0\u00bb align=\u00a0\u00bbalign_left\u00a0\u00bb border_width=\u00a0\u00bb2&Prime; el_width=\u00a0\u00bb10&Prime; css=\u00a0\u00bb.vc_custom_1600712931196{padding-top: 25px !important;}\u00a0\u00bb accent_color=\u00a0\u00bb#00285d\u00a0\u00bb][\/vc_column][\/vc_row][vc_row css=\u00a0\u00bb.vc_custom_1663615539834{padding-top: 25px !important;padding-bottom: 100px !important;}\u00a0\u00bb][vc_column][vc_column_text css=\u00a0\u00bb.vc_custom_1663615374196{padding-bottom: 10px !important;}\u00a0\u00bb] This limited warranty is provided by RAB Design Lighting Inc. (\u00ab\u00a0Seller\u00a0\u00bb) to you as the original purchaser of the LED lighting product that is identified [&hellip;]","og_url":"https:\/\/wp-dev.rabdesign.ca\/fr\/warranty\/","og_site_name":"RAB Design Lighting Inc.","article_modified_time":"2026-02-03T16:56:06+00:00","twitter_card":"summary_large_image","twitter_misc":{"Estimation du temps de lecture":"7 minutes"},"schema":{"@context":"https:\/\/schema.org","@graph":[{"@type":"WebPage","@id":"https:\/\/wp-dev.rabdesign.ca\/warranty\/","url":"https:\/\/wp-dev.rabdesign.ca\/warranty\/","name":"Warranty - RAB Design Lighting Inc.","isPartOf":{"@id":"https:\/\/wp-dev.rabdesign.ca\/#website"},"datePublished":"2022-09-19T19:19:30+00:00","dateModified":"2026-02-03T16:56:06+00:00","breadcrumb":{"@id":"https:\/\/wp-dev.rabdesign.ca\/warranty\/#breadcrumb"},"inLanguage":"fr-CA","potentialAction":[{"@type":"ReadAction","target":["https:\/\/wp-dev.rabdesign.ca\/warranty\/"]}]},{"@type":"BreadcrumbList","@id":"https:\/\/wp-dev.rabdesign.ca\/warranty\/#breadcrumb","itemListElement":[{"@type":"ListItem","position":1,"name":"Home","item":"https:\/\/wp-dev.rabdesign.ca\/"},{"@type":"ListItem","position":2,"name":"Warranty"}]},{"@type":"WebSite","@id":"https:\/\/wp-dev.rabdesign.ca\/#website","url":"https:\/\/wp-dev.rabdesign.ca\/","name":"RAB Design Lighting Inc.","description":"","publisher":{"@id":"https:\/\/wp-dev.rabdesign.ca\/#organization"},"potentialAction":[{"@type":"SearchAction","target":{"@type":"EntryPoint","urlTemplate":"https:\/\/wp-dev.rabdesign.ca\/?s={search_term_string}"},"query-input":{"@type":"PropertyValueSpecification","valueRequired":true,"valueName":"search_term_string"}}],"inLanguage":"fr-CA"},{"@type":"Organization","@id":"https:\/\/wp-dev.rabdesign.ca\/#organization","name":"RAB Design Lighting Inc.","url":"https:\/\/wp-dev.rabdesign.ca\/","logo":{"@type":"ImageObject","inLanguage":"fr-CA","@id":"https:\/\/wp-dev.rabdesign.ca\/#\/schema\/logo\/image\/","url":"https:\/\/wp-dev.rabdesign.ca\/wp-content\/uploads\/2024\/07\/RAB-logo.png","contentUrl":"https:\/\/wp-dev.rabdesign.ca\/wp-content\/uploads\/2024\/07\/RAB-logo.png","width":401,"height":127,"caption":"RAB Design Lighting Inc."},"image":{"@id":"https:\/\/wp-dev.rabdesign.ca\/#\/schema\/logo\/image\/"}}]}},"_links":{"self":[{"href":"https:\/\/wp-dev.rabdesign.ca\/fr\/wp-json\/wp\/v2\/pages\/21498","targetHints":{"allow":["GET"]}}],"collection":[{"href":"https:\/\/wp-dev.rabdesign.ca\/fr\/wp-json\/wp\/v2\/pages"}],"about":[{"href":"https:\/\/wp-dev.rabdesign.ca\/fr\/wp-json\/wp\/v2\/types\/page"}],"author":[{"embeddable":true,"href":"https:\/\/wp-dev.rabdesign.ca\/fr\/wp-json\/wp\/v2\/users\/1"}],"replies":[{"embeddable":true,"href":"https:\/\/wp-dev.rabdesign.ca\/fr\/wp-json\/wp\/v2\/comments?post=21498"}],"version-history":[{"count":2,"href":"https:\/\/wp-dev.rabdesign.ca\/fr\/wp-json\/wp\/v2\/pages\/21498\/revisions"}],"predecessor-version":[{"id":27880,"href":"https:\/\/wp-dev.rabdesign.ca\/fr\/wp-json\/wp\/v2\/pages\/21498\/revisions\/27880"}],"wp:attachment":[{"href":"https:\/\/wp-dev.rabdesign.ca\/fr\/wp-json\/wp\/v2\/media?parent=21498"}],"curies":[{"name":"wp","href":"https:\/\/api.w.org\/{rel}","templated":true}]}}